{"id":1082,"date":"2026-01-29T13:41:36","date_gmt":"2026-01-29T13:41:36","guid":{"rendered":"https:\/\/mopreh.jezik.hr\/?page_id=1082"},"modified":"2026-04-15T12:12:41","modified_gmt":"2026-04-15T12:12:41","slug":"projektne-aktivnosti","status":"publish","type":"page","link":"https:\/\/mopreh.jezik.hr\/en\/projektne-aktivnosti\/","title":{"rendered":"Search Guidelines"},"content":{"rendered":"<p><strong>IZLAGANJA<\/strong> (od 2024.)<\/p>\n\n\n\n<p>T. Bo\u0161njak Botica. Optimasing the Dvojba database for language practitioners. <em>Inflection Points final workshop<\/em>. Sheffield, 10. travnja 2026. <\/p>\n\n\n\n<p>T. Bo\u0161njak Botica. Dijalektna podloga morfolo\u0161koga preobilja.&nbsp;<em>15. znanstveni skup o hrvatskim dijalektima<\/em>. Zagreb, 13. i 14. studenoga 2025.<\/p>\n\n\n\n<p>T. Bo\u0161njak Botica, S. Ko\u0161utar. Morfolo\u0161ke dublete u inojezi\u010dnom hrvatskom<em>. 9. HIDIS.&nbsp;<\/em>Zagreb, 14. i 15. studenoga 2025.<\/p>\n\n\n\n<p>T. Bo\u0161njak Botica. Ka\u0161i\u0107ev konjugacijski opis.&nbsp;<em>Dani Bartola Ka\u0161i\u0107a<\/em>. 5. studenoga 2025.<\/p>\n\n\n\n<p>T. Bo\u0161njak Botica, S. Ko\u0161utar. Uporaba Baze hrvatskih morfolo\u0161kih dubleta u nastavi inojezi\u010dnoga hrvatskoga<em>. Hrvatski jezik i kultura u inozemstvu: pogled u pro\u0161lost, sada\u0161njost i budu\u0107nost<\/em>, Zagreb, 3. i 4. studenoga 2025.<\/p>\n\n\n\n<p>T. Bo\u0161njak Botica. Preobilje u hrvatskoj morfologiji.<em>&nbsp;XVIIe Congr\u00e8s international des slavistes,&nbsp;<\/em>Pariz, 25. \u2013 30. kolovoza 2025.<\/p>\n\n\n\n<p>G. Hr\u017eica, T. Bo\u0161njak Botica. The production of morphological overabundance in genitive plurals by Croatian-speaking adults and children.<em>&nbsp;14th Mediterranean Morphology Meeting<\/em>, Zadar, 12. \u2013 14. lipnja 2025.<\/p>\n\n\n\n<p>K. Roncero, M. Bene\u0161, T. Bo\u0161njak Botica<em>.&nbsp;<\/em>Sociolinguistically-driven non-deterministic outcomes. A comparative case study of the Slavic family.<em>&nbsp;57th Annual Meeting of the Societas Linguistica Europaea<\/em>, Helsinki, 21. \u2013 24. kolovoza 2024.<\/p>\n\n\n\n<p>T. Bo\u0161njak Botica, J. Polan\u010dec, S. Ko\u0161utar, G. Hr\u017eica, P. Vuk\u0161a Nahod. Diatopic Dimension of Overabundance: The Case of the Croatian Genitive Plural.&nbsp;<em>57th Annual Meeting of the Societas Linguistica Europaea<\/em>, Helsinki, 21. \u2013 24. kolovoza 2024.<\/p>\n\n\n\n<p>G. Hr\u017eica, M. Aigro, S. Ko\u0161utar, T. Bo\u0161njak Botica, V. Vihman, V.&nbsp;<em>Overgeneralisation and overabundance in the production of 5-year-olds: a crosslinguistic study,&nbsp;<\/em>XVIth International Congress for the Study of Child Language, 15. \u2013 19. srpnja 2024., Prag (\u010ce\u0161ka).<\/p>\n\n\n\n<p>J. Polan\u010dec. Dubletni imperfektivi na -ivati i -avati u hrvatskom jeziku.&nbsp;<em>XXXVIII. me\u0111unarodni znanstveni skup HDPL-a<\/em>&nbsp;<em>&#8220;Jezik u doba globalizacije&#8221;<\/em>, 15. \u2013 17. lipnja 2024.\u200b<\/p>\n\n\n\n<p>T. Bo\u0161njak Botica; J. Polan\u010dec; M. Musulin. Morfolo\u0161ko preobilje i rje\u010dnik.&nbsp;<em>Leksikografski susreti<\/em>, Beograd, 28. svibnja 2024.\u200b<\/p>\n\n\n\n<p>T. Bo\u0161njak Botica, S. Ko\u0161utar, G. Hr\u017eica. Verb overgeneralizations in morphologically rich languages: the role of frequency and class size. Preliminary results of the Feast &amp; Famine project.<em>&nbsp;International workshop \u201eThe Slavic verb \u2013 a multi\u2010faceted approach<\/em>&#8220;. Sveu\u010dili\u0161te u Bambergu, 24. svibnja 2024. (pozvano predavanje)\u200b<\/p>\n\n\n\n<p><\/p>\n\n\n\n<p><\/p>\n\n\n\n<p><strong>RADOVI<\/strong> (od 2024.)<\/p>\n\n\n\n<p>Polan\u010dec Jurica; Musulin, Ma\u0161a; Bo\u0161njak Botica, Tomislava. 2025.&nbsp;<a href=\"https:\/\/dublete.jezik.hr\/blog\/1\"><strong>Genitiv mno\u017eine kao leksikografski problem na primjeru imenica \u017eenskoga roda s vi\u0161esuglasni\u010dkim zavr\u0161etkom osnove<\/strong><u>.<\/u><\/a>&nbsp;<em>Croatica et Slavica Iadertina<\/em>&nbsp;21\/1. 366\u2013403.<\/p>\n\n\n\n<p>Vihman, Virve; Hr\u017eica Gordana, Aigro Mari, Ko\u0161utar Sara, Bo\u0161njak Botica, Tomislava. 2025.&nbsp;<strong>Acquisition of Morphological Variation: An Elicitation Experiment on Children&#8217;s Production of Parallel Forms in Croatian and Estonian<\/strong>.&nbsp;&nbsp;<em>Journal of child language<\/em>. 1\u201336. Q1<\/p>\n\n\n\n<p>Bo\u0161njak Botica, Tomislava; Polan\u010dec, Jurica 2024.&nbsp;<strong>Gramati\u010dki opis preobilja u genitivu mno\u017eine imenica e-sklonidbe \u017eenskoga roda s vi\u0161esuglasni\u010dkim zavr\u0161etkom osnove.&nbsp;<\/strong><em>Rasprave IHJ-a<\/em>. 50\/2. 279\u2013300.<\/p>\n\n\n\n<p>Budja, Jurica. 2024.&nbsp;<strong>Nastavak instrumentala jednine &#8220;nomina agentis&#8221; izvedenih sufiksom -\u0101r- u slavonskom predstandardnom\/protostandardnom varijetetu hrvatskoga i u ranim tekstualnim spomenicima slavonskoga dijalekta<\/strong><em>. Lingua Montenegrina &nbsp;34\/2.&nbsp;<\/em>83\u2013122.<\/p>\n\n\n\n<p>Polan\u010dec, Jurica; Bo\u0161njak Botica, Tomislava. 2024.&nbsp;<strong>O \u0161irenju preobilja (dubletnosti) u genitivu mno\u017eine imenica e\u2011sklonidbe s vi\u0161esuglasni\u010dkim zavr\u0161etkom osnove<\/strong>.&nbsp;<em>Fluminensia<\/em>&nbsp;36. 211\u2013243.<\/p>\n\n\n\n<p>Hr\u017eica, Gordana; Ko\u0161utar, Sara; Bo\u0161njak Botica, Tomislava. 2024.<strong>&nbsp;The Croatian Corpus of Preschool Child Language<\/strong>.&nbsp;https:\/\/childes.talkbank.org\/access\/Slavic\/Croatian\/CCPCL.html<\/p>\n\n\n\n<p>Hr\u017eica, Gordana; Ko\u0161utar, Sara; Bo\u0161njak Botica, Tomislava; Milin, Petar. 2024.&nbsp;<strong>The role of entrenchment and schematisation in the acquisition of rich verbal morphology<\/strong>.&nbsp;<em>Cognitive Linguistics<\/em>.\u200b Q1<\/p>\n\n\n\n<p>Bo\u0161njak Botica, Tomislava. 2024.&nbsp;<strong>Jedan, dva ili tri oblika \u2013 o morfolo\u0161kom preobilju u hrvatskome<\/strong>.&nbsp;<em>Pro\u017eimanja u hrvatskome jeziku, knji\u017eevnosti i kulturi. Zbornik radova 51. Seminara Zagreba\u010dke slavisti\u010dke \u0161kole<\/em>. FF press. Zagreb. 13\u201329.<\/p>\n\n\n\n<p>Bo\u0161njak Botica, Tomislava. 2024.&nbsp;<em><strong>Preobilje u hrvatskoj morfologiji<\/strong><\/em>. Institut za hrvatski jezik. Zagreb.&nbsp;<\/p>\n\n\n\n<p>Bo\u0161njak Botica, Tomislava; Ko\u0161utar, Sara. 2024.&nbsp;<strong>La surabondance des formes dans la flexion croate<\/strong>.&nbsp;<em>Les \u00e9tudes fran\u00e7aises aujourd\u2019hui&nbsp;<\/em>15. 89\u2013105.\u200b<\/p>\n\n\n\n<p>RADIONICE I PREDSTAVLJANJE PROJEKTA<\/p>\n\n\n\n<p><a href=\"https:\/\/dublete.jezik.hr\/blog\">https:\/\/dublete.jezik.hr\/blog<\/a><\/p>\n\n\n\n<p><\/p>","protected":false},"excerpt":{"rendered":"<p>IZLAGANJA (od 2024.) T. Bo\u0161njak Botica. Optimasing the Dvojba database for language practitioners. Inflection Points&hellip;<\/p>","protected":false},"author":1,"featured_media":0,"parent":0,"menu_order":0,"comment_status":"closed","ping_status":"closed","template":"","meta":{"footnotes":""},"class_list":["post-1082","page","type-page","status-publish","hentry"],"_links":{"self":[{"href":"https:\/\/mopreh.jezik.hr\/en\/wp-json\/wp\/v2\/pages\/1082","targetHints":{"allow":["GET"]}}],"collection":[{"href":"https:\/\/mopreh.jezik.hr\/en\/wp-json\/wp\/v2\/pages"}],"about":[{"href":"https:\/\/mopreh.jezik.hr\/en\/wp-json\/wp\/v2\/types\/page"}],"author":[{"embeddable":true,"href":"https:\/\/mopreh.jezik.hr\/en\/wp-json\/wp\/v2\/users\/1"}],"replies":[{"embeddable":true,"href":"https:\/\/mopreh.jezik.hr\/en\/wp-json\/wp\/v2\/comments?post=1082"}],"version-history":[{"count":3,"href":"https:\/\/mopreh.jezik.hr\/en\/wp-json\/wp\/v2\/pages\/1082\/revisions"}],"predecessor-version":[{"id":1114,"href":"https:\/\/mopreh.jezik.hr\/en\/wp-json\/wp\/v2\/pages\/1082\/revisions\/1114"}],"wp:attachment":[{"href":"https:\/\/mopreh.jezik.hr\/en\/wp-json\/wp\/v2\/media?parent=1082"}],"curies":[{"name":"wp","href":"https:\/\/api.w.org\/{rel}","templated":true}]}}