{"id":6,"date":"2025-03-27T09:54:44","date_gmt":"2025-03-27T09:54:44","guid":{"rendered":"https:\/\/rnr.jezik.hr\/?page_id=6"},"modified":"2026-04-16T08:46:39","modified_gmt":"2026-04-16T08:46:39","slug":"pocetna","status":"publish","type":"page","link":"https:\/\/mopreh.jezik.hr\/en\/","title":{"rendered":"Home"},"content":{"rendered":"<div class=\"wp-block-cover alignfull is-light hero-pattern\" style=\"min-height:34rem;aspect-ratio:unset;\"><span aria-hidden=\"true\" class=\"wp-block-cover__background has-luminous-vivid-amber-background-color has-background-dim-100 has-background-dim\"><\/span><div class=\"wp-block-cover__inner-container is-layout-flow wp-block-cover-is-layout-flow\">\n<div class=\"wp-block-group is-layout-constrained wp-block-group-is-layout-constrained\">\n<div class=\"wp-block-columns alignwide p-animation-text-moveUp is-layout-flex wp-container-core-columns-is-layout-1b715042 wp-block-columns-is-layout-flex\">\n<div class=\"wp-block-column is-vertically-aligned-center is-layout-flow wp-block-column-is-layout-flow\">\n<h1 class=\"wp-block-heading has-text-primary-color has-text-color\">MOPREH &#8211; Morfolo\u0161ko preobilje u hrvatskom jeziku<\/h1>\n\n\n\n<div style=\"height:8px\" aria-hidden=\"true\" class=\"wp-block-spacer\"><\/div>\n\n\n\n<div style=\"height:16px\" aria-hidden=\"true\" class=\"wp-block-spacer\"><\/div>\n\n\n\n<div class=\"wp-block-buttons is-layout-flex wp-block-buttons-is-layout-flex\">\n<div class=\"wp-block-button\"><a class=\"wp-block-button__link has-vivid-cyan-blue-background-color has-background wp-element-button\" href=\"https:\/\/dublete.jezik.hr\/\">Access database<\/a><\/div>\n<\/div>\n<\/div>\n\n\n\n<div class=\"wp-block-column is-vertically-aligned-center is-layout-flow wp-block-column-is-layout-flow\">\n<figure class=\"wp-block-image size-full\"><img loading=\"lazy\" decoding=\"async\" width=\"1775\" height=\"1019\" src=\"https:\/\/mopreh.jezik.hr\/wp-content\/uploads\/2025\/12\/Screenshot-2025-12-15-at-14.30.46.png\" alt=\"\" class=\"wp-image-1010\" srcset=\"https:\/\/mopreh.jezik.hr\/wp-content\/uploads\/2025\/12\/Screenshot-2025-12-15-at-14.30.46.png 1775w, https:\/\/mopreh.jezik.hr\/wp-content\/uploads\/2025\/12\/Screenshot-2025-12-15-at-14.30.46-300x172.png 300w, https:\/\/mopreh.jezik.hr\/wp-content\/uploads\/2025\/12\/Screenshot-2025-12-15-at-14.30.46-1024x588.png 1024w, https:\/\/mopreh.jezik.hr\/wp-content\/uploads\/2025\/12\/Screenshot-2025-12-15-at-14.30.46-768x441.png 768w, https:\/\/mopreh.jezik.hr\/wp-content\/uploads\/2025\/12\/Screenshot-2025-12-15-at-14.30.46-1536x882.png 1536w\" sizes=\"auto, (max-width: 1775px) 100vw, 1775px\" \/><\/figure>\n<\/div>\n<\/div>\n<\/div>\n<\/div><\/div>\n\n\n\n<div class=\"wp-block-group is-layout-constrained wp-block-group-is-layout-constrained\" style=\"padding-top:var(--wp--preset--spacing--large);padding-bottom:var(--wp--preset--spacing--large)\">\n<div class=\"wp-block-columns p-animation-text-moveUp is-layout-flex wp-container-core-columns-is-layout-d8a81c52 wp-block-columns-is-layout-flex\" style=\"margin-bottom:0;padding-top:var(--wp--preset--spacing--large);padding-right:0;padding-bottom:var(--wp--preset--spacing--large);padding-left:0\">\n<div class=\"wp-block-column is-layout-flow wp-block-column-is-layout-flow\">\n<div class=\"wp-block-columns is-layout-flex wp-container-core-columns-is-layout-28f84493 wp-block-columns-is-layout-flex\">\n<div class=\"wp-block-column is-layout-flow wp-block-column-is-layout-flow\">\n<figure class=\"wp-block-image size-full has-custom-border\"><img loading=\"lazy\" decoding=\"async\" width=\"1021\" height=\"724\" src=\"https:\/\/mopreh.jezik.hr\/wp-content\/uploads\/2025\/12\/mopreh-dublete.png\" alt=\"\" class=\"wp-image-1014\" style=\"border-radius:6px\" srcset=\"https:\/\/mopreh.jezik.hr\/wp-content\/uploads\/2025\/12\/mopreh-dublete.png 1021w, https:\/\/mopreh.jezik.hr\/wp-content\/uploads\/2025\/12\/mopreh-dublete-300x213.png 300w, https:\/\/mopreh.jezik.hr\/wp-content\/uploads\/2025\/12\/mopreh-dublete-768x545.png 768w\" sizes=\"auto, (max-width: 1021px) 100vw, 1021px\" \/><\/figure>\n<\/div>\n<\/div>\n<\/div>\n\n\n\n<div class=\"wp-block-column is-vertically-aligned-center is-layout-flow wp-block-column-is-layout-flow\">\n<p class=\"has-medium-font-size\" style=\"margin-bottom:var(--wp--preset--spacing--large)\">Glavni je cilj projekta istra\u017eiti pojavnost preobilja u hrvatskoj morfologiji \u2013 pojave koja podrazumijeva postojanje vi\u0161e od jednoga izraza za jednu gramati\u010dku funkciju, odnosno mogu\u0107nost vi\u0161e oblika na jednom mjestu u morfolo\u0161koj paradigmi.<\/p>\n\n\n\n<div class=\"wp-block-buttons is-layout-flex wp-block-buttons-is-layout-flex\">\n<div class=\"wp-block-button p-btn-animation-border-move\"><a class=\"wp-block-button__link has-vivid-cyan-blue-background-color has-background wp-element-button\" href=\"https:\/\/mopreh.jezik.hr\/en\/o-projektu\/\">Vi\u0161e o projektu<\/a><\/div>\n<\/div>\n<\/div>\n<\/div>\n<\/div>\n\n\n\n<div class=\"wp-block-cover alignfull\" style=\"margin-top:0;margin-bottom:0\"><span aria-hidden=\"true\" class=\"wp-block-cover__background has-vivid-cyan-blue-background-color has-background-dim-100 has-background-dim\"><\/span><div class=\"wp-block-cover__inner-container is-layout-flow wp-block-cover-is-layout-flow\">\n<div class=\"wp-block-group p-animation-text-transform is-layout-constrained wp-block-group-is-layout-constrained\">\n<h2 class=\"wp-block-heading has-text-align-center has-gray-color has-text-color has-link-color wp-elements-aead50db491d46097caa27142aa585eb\" style=\"padding-top:51px;padding-bottom:51px\">Search Guidelines<\/h2>\n\n\n\n<div class=\"wp-block-query is-layout-flow wp-block-query-is-layout-flow\">\n<hr class=\"wp-block-separator has-text-color has-white-color has-alpha-channel-opacity has-white-background-color has-background\" style=\"margin-top:0;margin-bottom:0\"\/>\n\n\n<ul style=\"border-style:none;border-width:0px;\" class=\"has-link-color columns-3 wp-elements-f39ed0e3dae8e4c648f7689779cd89bf wp-block-post-template has-text-color has-white-color has-background has-vivid-cyan-blue-background-color is-layout-grid wp-container-core-post-template-is-layout-125c70a0 wp-block-post-template-is-layout-grid\"><li class=\"wp-block-post post-1091 post type-post status-publish format-standard hentry category-aktivnosti\">\n\n<div class=\"wp-block-group is-layout-flow wp-block-group-is-layout-flow wp-elements-f39ed0e3dae8e4c648f7689779cd89bf\" style=\"padding-top:30px;padding-right:30px;padding-bottom:30px;padding-left:30px\"><h2 class=\"wp-block-post-title\"><a href=\"https:\/\/mopreh.jezik.hr\/en\/dvojba-predstavljena-u-sheffieldu\/\" target=\"_self\" >Dvojba predstavljena u Sheffieldu<\/a><\/h2>\n\n<div class=\"wp-block-post-excerpt\"><p class=\"wp-block-post-excerpt__excerpt\">Baza hrvatskih morfolo\u0161kih dubleta Dvojba predstavljena je 10. travnja 2026. na Sveu\u010dili\u0161tu u Sheffieldu u&hellip; <\/p><\/div>\n\n<div class=\"wp-block-post-date\"><time datetime=\"2026-04-14T10:16:54+00:00\">14\/04\/2026<\/time><\/div><\/div>\n\n<\/li><li class=\"wp-block-post post-1072 post type-post status-publish format-standard hentry category-aktivnosti\">\n\n<div class=\"wp-block-group is-layout-flow wp-block-group-is-layout-flow wp-elements-f39ed0e3dae8e4c648f7689779cd89bf\" style=\"padding-top:30px;padding-right:30px;padding-bottom:30px;padding-left:30px\"><h2 class=\"wp-block-post-title\"><a href=\"https:\/\/mopreh.jezik.hr\/en\/1072-2\/\" target=\"_self\" >Izlaganja i radovi<\/a><\/h2>\n\n<div class=\"wp-block-post-excerpt\"><p class=\"wp-block-post-excerpt__excerpt\">IZLAGANJA (od 2024.) T. Bo\u0161njak Botica. Optimising the DvojBa database for practitioners. Inflection Points final&hellip; <\/p><\/div>\n\n<div class=\"wp-block-post-date\"><time datetime=\"2026-01-28T16:09:55+00:00\">28\/01\/2026<\/time><\/div><\/div>\n\n<\/li><\/ul>\n\n\n<hr class=\"wp-block-separator has-text-color has-white-color has-alpha-channel-opacity has-white-background-color has-background\" style=\"margin-top:0;margin-bottom:0\"\/>\n\n\n\n<div style=\"height:50px\" aria-hidden=\"true\" class=\"wp-block-spacer\"><\/div>\n<\/div>\n<\/div>\n<\/div><\/div>\n\n\n\n<div class=\"wp-block-cover alignfull is-light\" style=\"margin-top:0;margin-bottom:0\"><span aria-hidden=\"true\" class=\"wp-block-cover__background has-white-background-color has-background-dim-10 has-background-dim\"><\/span><div class=\"wp-block-cover__inner-container is-layout-flow wp-block-cover-is-layout-flow\">\n<h2 class=\"wp-block-heading has-text-align-center has-text-primary-color has-text-color has-link-color wp-elements-33497403a61363b5ab6f1d81684f1455\">Upute za pretra\u017eivanje<\/h2>\n\n\n\n<div class=\"wp-block-group p-animation-text-transform is-layout-constrained wp-block-group-is-layout-constrained\">\n<p class=\"has-text-align-center has-text-primary-color has-text-color has-link-color wp-elements-924c0d91983bcb02c794c3bf5c1ee23f\">Pretra\u017eivanje baze mogu\u0107e je po\u010deti na dva na\u010dina koji su opisani na linku ispod.<\/p>\n\n\n\n<div class=\"wp-block-buttons is-content-justification-center is-layout-flex wp-container-core-buttons-is-layout-a89b3969 wp-block-buttons-is-layout-flex\">\n<div class=\"wp-block-button has-custom-width wp-block-button__width-25\"><a class=\"wp-block-button__link has-vivid-cyan-blue-background-color has-background wp-element-button\" href=\"https:\/\/dublete.jezik.hr\/blog\/8\" target=\"_blank\" rel=\"noreferrer noopener\">Open Guidelines<\/a><\/div>\n<\/div>\n<\/div>\n<\/div><\/div>\n\n\n\n<figure class=\"wp-block-video\"><video height=\"1080\" style=\"aspect-ratio: 1920 \/ 1080;\" width=\"1920\" controls src=\"https:\/\/mopreh.jezik.hr\/wp-content\/uploads\/2026\/04\/promo-video_v1.mp4\"><\/video><\/figure>\n\n\n\n<p><\/p>","protected":false},"excerpt":{"rendered":"<p>Glavni je cilj projekta istra\u017eiti pojavnost preobilja u hrvatskoj morfologiji \u2013 pojave koja podrazumijeva postojanje&hellip;<\/p>","protected":false},"author":1,"featured_media":0,"parent":0,"menu_order":0,"comment_status":"closed","ping_status":"closed","template":"","meta":{"footnotes":""},"class_list":["post-6","page","type-page","status-publish","hentry"],"_links":{"self":[{"href":"https:\/\/mopreh.jezik.hr\/en\/wp-json\/wp\/v2\/pages\/6","targetHints":{"allow":["GET"]}}],"collection":[{"href":"https:\/\/mopreh.jezik.hr\/en\/wp-json\/wp\/v2\/pages"}],"about":[{"href":"https:\/\/mopreh.jezik.hr\/en\/wp-json\/wp\/v2\/types\/page"}],"author":[{"embeddable":true,"href":"https:\/\/mopreh.jezik.hr\/en\/wp-json\/wp\/v2\/users\/1"}],"replies":[{"embeddable":true,"href":"https:\/\/mopreh.jezik.hr\/en\/wp-json\/wp\/v2\/comments?post=6"}],"version-history":[{"count":71,"href":"https:\/\/mopreh.jezik.hr\/en\/wp-json\/wp\/v2\/pages\/6\/revisions"}],"predecessor-version":[{"id":1118,"href":"https:\/\/mopreh.jezik.hr\/en\/wp-json\/wp\/v2\/pages\/6\/revisions\/1118"}],"wp:attachment":[{"href":"https:\/\/mopreh.jezik.hr\/en\/wp-json\/wp\/v2\/media?parent=6"}],"curies":[{"name":"wp","href":"https:\/\/api.w.org\/{rel}","templated":true}]}}