{"id":7,"date":"2025-02-27T09:54:44","date_gmt":"2025-02-27T09:54:44","guid":{"rendered":"https:\/\/rnr.jezik.hr\/?page_id=7"},"modified":"2026-04-16T11:18:39","modified_gmt":"2026-04-16T11:18:39","slug":"o-projektu","status":"publish","type":"page","link":"https:\/\/mopreh.jezik.hr\/en\/o-projektu\/","title":{"rendered":"About the project"},"content":{"rendered":"<p>Glavni je cilj projekta istra\u017eiti pojavnost preobilja u hrvatskoj morfologiji \u2013 pojave koja podrazumijeva postojanje vi\u0161e od jednoga izraza za jednu gramati\u010dku funkciju, odnosno mogu\u0107nost vi\u0161e oblika na jednom mjestu u morfolo\u0161koj paradigmi.<\/p>\n\n\n\n<p><\/p>\n\n\n\n<p><\/p>\n\n\n\n<figure class=\"wp-block-image aligncenter size-full\"><img loading=\"lazy\" decoding=\"async\" width=\"1018\" height=\"747\" src=\"https:\/\/mopreh.jezik.hr\/wp-content\/uploads\/2025\/12\/o-projektu.png\" alt=\"\" class=\"wp-image-1021\" srcset=\"https:\/\/mopreh.jezik.hr\/wp-content\/uploads\/2025\/12\/o-projektu.png 1018w, https:\/\/mopreh.jezik.hr\/wp-content\/uploads\/2025\/12\/o-projektu-300x220.png 300w, https:\/\/mopreh.jezik.hr\/wp-content\/uploads\/2025\/12\/o-projektu-768x564.png 768w\" sizes=\"auto, (max-width: 1018px) 100vw, 1018px\" \/><\/figure>\n\n\n\n<p><\/p>\n\n\n\n<p>Dodatni su ciljevi: opisati morfolo\u0161ko preobilje u hrvatskom pisanom i govorenom jeziku, pru\u017eiti pregled dijakronijskoga razvoja morfolo\u0161koga preobilja, istra\u017eiti preobilje u hrvatskim (\u0161tokavskim) dijalektima, u hrvatskom dje\u010djem jeziku te u jeziku dvojezi\u010dnih govornika.<\/p>\n\n\n\n<div class=\"wp-block-group team-members-pattern p-animation-zoom-in is-layout-flow wp-block-group-is-layout-flow\" style=\"padding-top:var(--wp--preset--spacing--large);padding-bottom:var(--wp--preset--spacing--large)\">\n<h2 class=\"wp-block-heading has-text-align-center has-large-font-size\">Projektni tim<\/h2>\n\n\n\n<div style=\"height:100px\" aria-hidden=\"true\" class=\"wp-block-spacer\"><\/div>\n\n\n\n<h2 class=\"wp-block-heading has-text-align-center\">Voditeljica projekta<\/h2>\n\n\n\n<div class=\"wp-block-columns is-layout-flex wp-container-core-columns-is-layout-28f84493 wp-block-columns-is-layout-flex\">\n<div class=\"wp-block-column is-layout-flow wp-block-column-is-layout-flow\" style=\"padding-top:var(--wp--preset--spacing--small);padding-bottom:var(--wp--preset--spacing--small)\">\n<h5 class=\"wp-block-heading has-text-align-center\"> Tomislava Bo\u0161njak Botica<\/h5>\n\n\n\n<p class=\"has-text-align-center\"><\/p>\n\n\n\n<div class=\"wp-block-buttons is-content-justification-center is-layout-flex wp-container-core-buttons-is-layout-a89b3969 wp-block-buttons-is-layout-flex\">\n<div class=\"wp-block-button\"><a class=\"wp-block-button__link has-text-align-center wp-element-button\" href=\"https:\/\/ihjj.hr\/istrazivac\/tomislava-bosnjak-botica\/26\/\">Pro\u010ditaj vi\u0161e<\/a><\/div>\n<\/div>\n<\/div>\n<\/div>\n<\/div>\n\n\n\n<h2 class=\"wp-block-heading has-text-align-center\">Suradnici<\/h2>\n\n\n\n<div class=\"wp-block-group team-members-pattern p-animation-zoom-in is-layout-flow wp-block-group-is-layout-flow\" style=\"padding-top:var(--wp--preset--spacing--large);padding-bottom:var(--wp--preset--spacing--large)\">\n<div class=\"wp-block-columns is-layout-flex wp-container-core-columns-is-layout-b8f50212 wp-block-columns-is-layout-flex\" style=\"padding-top:0;padding-right:0;padding-bottom:0;padding-left:0\">\n<div class=\"wp-block-column is-layout-flow wp-block-column-is-layout-flow\" style=\"padding-top:var(--wp--preset--spacing--small);padding-bottom:var(--wp--preset--spacing--small)\">\n<h5 class=\"wp-block-heading has-text-align-center\"> Jurica&nbsp;Budja<\/h5>\n\n\n\n<p><\/p>\n\n\n\n<div class=\"wp-block-buttons is-content-justification-center is-layout-flex wp-container-core-buttons-is-layout-a89b3969 wp-block-buttons-is-layout-flex\">\n<div class=\"wp-block-button\"><a class=\"wp-block-button__link wp-element-button\" href=\"http:\/\/ihjj.hr\/istrazivac\/jurica-budja\/66\/\">Pro\u010ditaj vi\u0161e<\/a><\/div>\n<\/div>\n<\/div>\n\n\n\n<div class=\"wp-block-column is-layout-flow wp-block-column-is-layout-flow\" style=\"padding-top:var(--wp--preset--spacing--small);padding-right:0;padding-bottom:var(--wp--preset--spacing--small);padding-left:0\">\n<h5 class=\"wp-block-heading has-text-align-center\">Gordana&nbsp;Hr\u017eica<\/h5>\n\n\n\n<p><\/p>\n\n\n\n<div class=\"wp-block-buttons is-content-justification-center is-layout-flex wp-container-core-buttons-is-layout-a89b3969 wp-block-buttons-is-layout-flex\">\n<div class=\"wp-block-button\"><a class=\"wp-block-button__link wp-element-button\" href=\"https:\/\/www.erf.unizg.hr\/djelatnici\/gordana.hrzica\">Pro\u010ditaj vi\u0161e<\/a><\/div>\n<\/div>\n<\/div>\n\n\n\n<div class=\"wp-block-column is-layout-flow wp-block-column-is-layout-flow\" style=\"padding-top:var(--wp--preset--spacing--small);padding-bottom:var(--wp--preset--spacing--small)\">\n<h5 class=\"wp-block-heading has-text-align-center\">Sara&nbsp;Ko\u0161utar<\/h5>\n\n\n\n<p><\/p>\n\n\n\n<div class=\"wp-block-buttons is-content-justification-center is-layout-flex wp-container-core-buttons-is-layout-a89b3969 wp-block-buttons-is-layout-flex\">\n<div class=\"wp-block-button\"><a class=\"wp-block-button__link wp-element-button\" href=\"https:\/\/en.uit.no\/ansatte\/person?p_document_id=825005&amp;p_dimension_id=156422\">Pro\u010ditaj vi\u0161e<\/a><\/div>\n<\/div>\n<\/div>\n<\/div>\n\n\n\n<div class=\"wp-block-columns is-layout-flex wp-container-core-columns-is-layout-b8f50212 wp-block-columns-is-layout-flex\" style=\"padding-top:0;padding-right:0;padding-bottom:0;padding-left:0\">\n<div class=\"wp-block-column is-layout-flow wp-block-column-is-layout-flow\" style=\"padding-top:var(--wp--preset--spacing--small);padding-bottom:var(--wp--preset--spacing--small)\">\n<h5 class=\"wp-block-heading has-text-align-center\"> Bruno Nahod<\/h5>\n\n\n\n<p><\/p>\n\n\n\n<div class=\"wp-block-buttons is-content-justification-center is-layout-flex wp-container-core-buttons-is-layout-a89b3969 wp-block-buttons-is-layout-flex\">\n<div class=\"wp-block-button\"><a class=\"wp-block-button__link wp-element-button\" href=\"http:\/\/ihjj.hr\/istrazivac\/bruno-nahod\/16\/\">Pro\u010ditaj vi\u0161e<\/a><\/div>\n<\/div>\n<\/div>\n\n\n\n<div class=\"wp-block-column is-layout-flow wp-block-column-is-layout-flow\" style=\"padding-top:var(--wp--preset--spacing--small);padding-right:0;padding-bottom:var(--wp--preset--spacing--small);padding-left:0\">\n<h5 class=\"wp-block-heading has-text-align-center\"> Perina Vuk\u0161a Nahod<\/h5>\n\n\n\n<p><\/p>\n\n\n\n<div class=\"wp-block-buttons is-content-justification-center is-layout-flex wp-container-core-buttons-is-layout-a89b3969 wp-block-buttons-is-layout-flex\">\n<div class=\"wp-block-button\"><a class=\"wp-block-button__link wp-element-button\" href=\"http:\/\/ihjj.hr\/istrazivac\/perina-vuksa-nahod\/33\/\">Pro\u010ditaj vi\u0161e<\/a><\/div>\n<\/div>\n<\/div>\n\n\n\n<div class=\"wp-block-column is-layout-flow wp-block-column-is-layout-flow\" style=\"padding-top:var(--wp--preset--spacing--small);padding-bottom:var(--wp--preset--spacing--small)\">\n<h5 class=\"wp-block-heading has-text-align-center\">Ma\u0161a&nbsp;Musulin<\/h5>\n\n\n\n<div class=\"wp-block-buttons is-content-justification-center is-layout-flex wp-container-core-buttons-is-layout-a89b3969 wp-block-buttons-is-layout-flex\">\n<div class=\"wp-block-button\"><a class=\"wp-block-button__link wp-element-button\" href=\"https:\/\/www.ffzg.unizg.hr\/roman\/spanjolski\/nastavnici\/masa-musulin\/\">Pro\u010ditaj vi\u0161e<\/a><\/div>\n<\/div>\n<\/div>\n<\/div>\n\n\n\n<div class=\"wp-block-columns is-layout-flex wp-container-core-columns-is-layout-b8f50212 wp-block-columns-is-layout-flex\" style=\"padding-top:0;padding-right:0;padding-bottom:0;padding-left:0\">\n<div class=\"wp-block-column is-layout-flow wp-block-column-is-layout-flow\" style=\"padding-top:var(--wp--preset--spacing--small);padding-bottom:var(--wp--preset--spacing--small)\">\n<h5 class=\"wp-block-heading has-text-align-center\">Jurica&nbsp;Polan\u010dec<\/h5>\n\n\n\n<p><\/p>\n\n\n\n<div class=\"wp-block-buttons is-content-justification-center is-layout-flex wp-container-core-buttons-is-layout-a89b3969 wp-block-buttons-is-layout-flex\">\n<div class=\"wp-block-button\"><a class=\"wp-block-button__link wp-element-button\" href=\"https:\/\/stin.hr\/sadrzaj\/dr-sc-jurica-polancec\/\">Pro\u010ditaj vi\u0161e<\/a><\/div>\n<\/div>\n<\/div>\n\n\n\n<div class=\"wp-block-column is-layout-flow wp-block-column-is-layout-flow\" style=\"padding-top:var(--wp--preset--spacing--small);padding-bottom:var(--wp--preset--spacing--small)\">\n<h5 class=\"wp-block-heading has-text-align-center\">Robert Sviben<\/h5>\n\n\n\n<p><\/p>\n\n\n\n<div class=\"wp-block-buttons is-content-justification-center is-layout-flex wp-container-core-buttons-is-layout-a89b3969 wp-block-buttons-is-layout-flex\">\n<div class=\"wp-block-button\"><a class=\"wp-block-button__link wp-element-button\" href=\"https:\/\/ihjj.hr\/istrazivac\/robert-sviben\/96\/\">Pro\u010ditaj vi\u0161e<\/a><\/div>\n<\/div>\n<\/div>\n<\/div>\n<\/div>","protected":false},"excerpt":{"rendered":"<p>Glavni je cilj projekta istra\u017eiti pojavnost preobilja u hrvatskoj morfologiji \u2013 pojave koja podrazumijeva postojanje&hellip;<\/p>","protected":false},"author":1,"featured_media":0,"parent":0,"menu_order":1,"comment_status":"closed","ping_status":"closed","template":"","meta":{"footnotes":""},"class_list":["post-7","page","type-page","status-publish","hentry"],"_links":{"self":[{"href":"https:\/\/mopreh.jezik.hr\/en\/wp-json\/wp\/v2\/pages\/7","targetHints":{"allow":["GET"]}}],"collection":[{"href":"https:\/\/mopreh.jezik.hr\/en\/wp-json\/wp\/v2\/pages"}],"about":[{"href":"https:\/\/mopreh.jezik.hr\/en\/wp-json\/wp\/v2\/types\/page"}],"author":[{"embeddable":true,"href":"https:\/\/mopreh.jezik.hr\/en\/wp-json\/wp\/v2\/users\/1"}],"replies":[{"embeddable":true,"href":"https:\/\/mopreh.jezik.hr\/en\/wp-json\/wp\/v2\/comments?post=7"}],"version-history":[{"count":58,"href":"https:\/\/mopreh.jezik.hr\/en\/wp-json\/wp\/v2\/pages\/7\/revisions"}],"predecessor-version":[{"id":1121,"href":"https:\/\/mopreh.jezik.hr\/en\/wp-json\/wp\/v2\/pages\/7\/revisions\/1121"}],"wp:attachment":[{"href":"https:\/\/mopreh.jezik.hr\/en\/wp-json\/wp\/v2\/media?parent=7"}],"curies":[{"name":"wp","href":"https:\/\/api.w.org\/{rel}","templated":true}]}}